{"id":285,"date":"2025-02-14T16:05:03","date_gmt":"2025-02-14T16:05:03","guid":{"rendered":"https:\/\/golfcourse.pulagolf.com\/?page_id=285"},"modified":"2025-09-12T09:10:40","modified_gmt":"2025-09-12T09:10:40","slug":"hall-of-fame","status":"publish","type":"page","link":"https:\/\/golfcourse.pulagolf.com\/en\/hall-of-fame\/","title":{"rendered":"\u00a0Hall of Fame"},"content":{"rendered":"<div data-elementor-type=\"wp-page\" data-elementor-id=\"285\" class=\"elementor elementor-285\" data-elementor-post-type=\"page\">\n\t\t\t\t<div class=\"elementor-element elementor-element-3a540ae e-flex e-con-boxed e-con e-parent\" data-id=\"3a540ae\" data-element_type=\"container\" data-e-type=\"container\" data-settings=\"{&quot;background_background&quot;:&quot;slideshow&quot;,&quot;background_slideshow_gallery&quot;:[{&quot;id&quot;:649,&quot;url&quot;:&quot;https:\\\/\\\/golfcourse.pulagolf.com\\\/wp-content\\\/uploads\\\/2025\\\/09\\\/hall-of-fame.webp&quot;}],&quot;background_slideshow_loop&quot;:&quot;yes&quot;,&quot;background_slideshow_slide_duration&quot;:5000,&quot;background_slideshow_slide_transition&quot;:&quot;fade&quot;,&quot;background_slideshow_transition_duration&quot;:500}\">\n\t\t\t\t\t<div class=\"e-con-inner\">\n\t\t\t\t<div class=\"elementor-element elementor-element-fcc51f1 elementor-invisible elementor-widget elementor-widget-heading\" data-id=\"fcc51f1\" data-element_type=\"widget\" data-e-type=\"widget\" data-settings=\"{&quot;_animation&quot;:&quot;fadeInDown&quot;}\" data-widget_type=\"heading.default\">\n\t\t\t\t<div class=\"elementor-widget-container\">\n\t\t\t\t\t<h1 class=\"elementor-heading-title elementor-size-default\"> Hall of Fame<\/h1>\t\t\t\t<\/div>\n\t\t\t\t<\/div>\n\t\t\t\t\t<\/div>\n\t\t\t\t<\/div>\n\t\t<div class=\"elementor-element elementor-element-5725944 e-flex e-con-boxed elementor-invisible e-con e-parent\" data-id=\"5725944\" data-element_type=\"container\" data-e-type=\"container\" data-settings=\"{&quot;animation&quot;:&quot;fadeInUp&quot;}\">\n\t\t\t\t\t<div class=\"e-con-inner\">\n\t\t<div class=\"elementor-element elementor-element-d351730 e-grid e-con-full e-con e-child\" data-id=\"d351730\" data-element_type=\"container\" data-e-type=\"container\">\n\t\t<div class=\"elementor-element elementor-element-6f32b17 e-con-full e-flex e-con e-child\" data-id=\"6f32b17\" data-element_type=\"container\" data-e-type=\"container\">\n\t\t\t\t<div class=\"elementor-element elementor-element-bfc6dfd elementor-widget elementor-widget-image\" data-id=\"bfc6dfd\" data-element_type=\"widget\" data-e-type=\"widget\" data-widget_type=\"image.default\">\n\t\t\t\t<div class=\"elementor-widget-container\">\n\t\t\t\t\t\t\t\t\t\t\t\t\t\t\t<img decoding=\"async\" src=\"https:\/\/golfcourse.pulagolf.com\/wp-content\/uploads\/2025\/02\/thumbnail-6.webp\" title=\"thumbnail (6)\" alt=\"thumbnail (6)\" loading=\"lazy\" \/>\t\t\t\t\t\t\t\t\t\t\t\t\t\t\t<\/div>\n\t\t\t\t<\/div>\n\t\t\t\t<div class=\"elementor-element elementor-element-cdad2ff elementor-widget elementor-widget-heading\" data-id=\"cdad2ff\" data-element_type=\"widget\" data-e-type=\"widget\" data-widget_type=\"heading.default\">\n\t\t\t\t<div class=\"elementor-widget-container\">\n\t\t\t\t\t<h2 class=\"elementor-heading-title elementor-size-default\">MATEU ALEMANY<\/h2>\t\t\t\t<\/div>\n\t\t\t\t<\/div>\n\t\t\t\t<\/div>\n\t\t<div class=\"elementor-element elementor-element-56bdabe e-con-full e-flex e-con e-child\" data-id=\"56bdabe\" data-element_type=\"container\" data-e-type=\"container\">\n\t\t\t\t<div class=\"elementor-element elementor-element-7cc3cfa elementor-widget elementor-widget-image\" data-id=\"7cc3cfa\" data-element_type=\"widget\" data-e-type=\"widget\" data-widget_type=\"image.default\">\n\t\t\t\t<div class=\"elementor-widget-container\">\n\t\t\t\t\t\t\t\t\t\t\t\t\t\t\t<img fetchpriority=\"high\" decoding=\"async\" width=\"304\" height=\"202\" src=\"https:\/\/golfcourse.pulagolf.com\/wp-content\/uploads\/2025\/02\/thumbnail-7.webp\" class=\"attachment-large size-large wp-image-439\" alt=\"\" srcset=\"https:\/\/golfcourse.pulagolf.com\/wp-content\/uploads\/2025\/02\/thumbnail-7.webp 304w, https:\/\/golfcourse.pulagolf.com\/wp-content\/uploads\/2025\/02\/thumbnail-7-300x199.webp 300w\" sizes=\"(max-width: 304px) 100vw, 304px\" \/>\t\t\t\t\t\t\t\t\t\t\t\t\t\t\t<\/div>\n\t\t\t\t<\/div>\n\t\t\t\t<div class=\"elementor-element elementor-element-6d4d879 elementor-widget elementor-widget-heading\" data-id=\"6d4d879\" data-element_type=\"widget\" data-e-type=\"widget\" data-widget_type=\"heading.default\">\n\t\t\t\t<div class=\"elementor-widget-container\">\n\t\t\t\t\t<h2 class=\"elementor-heading-title elementor-size-default\">JAVIER CLEMENTE\n<\/h2>\t\t\t\t<\/div>\n\t\t\t\t<\/div>\n\t\t\t\t<\/div>\n\t\t<div class=\"elementor-element elementor-element-a34f914 e-con-full e-flex e-con e-child\" data-id=\"a34f914\" data-element_type=\"container\" data-e-type=\"container\">\n\t\t\t\t<div class=\"elementor-element elementor-element-99922a3 elementor-widget elementor-widget-image\" data-id=\"99922a3\" data-element_type=\"widget\" data-e-type=\"widget\" data-widget_type=\"image.default\">\n\t\t\t\t<div class=\"elementor-widget-container\">\n\t\t\t\t\t\t\t\t\t\t\t\t\t\t\t<img decoding=\"async\" width=\"800\" height=\"534\" src=\"https:\/\/golfcourse.pulagolf.com\/wp-content\/uploads\/2025\/02\/thumbnail-4-1024x683.webp\" class=\"attachment-large size-large wp-image-437\" alt=\"\" srcset=\"https:\/\/golfcourse.pulagolf.com\/wp-content\/uploads\/2025\/02\/thumbnail-4-1024x683.webp 1024w, https:\/\/golfcourse.pulagolf.com\/wp-content\/uploads\/2025\/02\/thumbnail-4-300x200.webp 300w, https:\/\/golfcourse.pulagolf.com\/wp-content\/uploads\/2025\/02\/thumbnail-4-768x512.webp 768w, https:\/\/golfcourse.pulagolf.com\/wp-content\/uploads\/2025\/02\/thumbnail-4.webp 1218w\" sizes=\"(max-width: 800px) 100vw, 800px\" \/>\t\t\t\t\t\t\t\t\t\t\t\t\t\t\t<\/div>\n\t\t\t\t<\/div>\n\t\t\t\t<div class=\"elementor-element elementor-element-ee13d3f elementor-widget elementor-widget-heading\" data-id=\"ee13d3f\" data-element_type=\"widget\" data-e-type=\"widget\" data-widget_type=\"heading.default\">\n\t\t\t\t<div class=\"elementor-widget-container\">\n\t\t\t\t\t<h2 class=\"elementor-heading-title elementor-size-default\">bernd schuster\n<\/h2>\t\t\t\t<\/div>\n\t\t\t\t<\/div>\n\t\t\t\t<\/div>\n\t\t<div class=\"elementor-element elementor-element-0e46df0 e-con-full e-flex e-con e-child\" data-id=\"0e46df0\" data-element_type=\"container\" data-e-type=\"container\">\n\t\t\t\t<div class=\"elementor-element elementor-element-f5fc381 elementor-widget elementor-widget-image\" data-id=\"f5fc381\" data-element_type=\"widget\" data-e-type=\"widget\" data-widget_type=\"image.default\">\n\t\t\t\t<div class=\"elementor-widget-container\">\n\t\t\t\t\t\t\t\t\t\t\t\t\t\t\t<img decoding=\"async\" width=\"800\" height=\"534\" src=\"https:\/\/golfcourse.pulagolf.com\/wp-content\/uploads\/2025\/07\/Gerard-Lopez-1024x683.webp\" class=\"attachment-large size-large wp-image-541\" alt=\"\" srcset=\"https:\/\/golfcourse.pulagolf.com\/wp-content\/uploads\/2025\/07\/Gerard-Lopez-1024x683.webp 1024w, https:\/\/golfcourse.pulagolf.com\/wp-content\/uploads\/2025\/07\/Gerard-Lopez-300x200.webp 300w, https:\/\/golfcourse.pulagolf.com\/wp-content\/uploads\/2025\/07\/Gerard-Lopez-768x512.webp 768w, https:\/\/golfcourse.pulagolf.com\/wp-content\/uploads\/2025\/07\/Gerard-Lopez-1536x1025.webp 1536w, https:\/\/golfcourse.pulagolf.com\/wp-content\/uploads\/2025\/07\/Gerard-Lopez.webp 2048w\" sizes=\"(max-width: 800px) 100vw, 800px\" \/>\t\t\t\t\t\t\t\t\t\t\t\t\t\t\t<\/div>\n\t\t\t\t<\/div>\n\t\t\t\t<div class=\"elementor-element elementor-element-11ab79d elementor-widget elementor-widget-heading\" data-id=\"11ab79d\" data-element_type=\"widget\" data-e-type=\"widget\" data-widget_type=\"heading.default\">\n\t\t\t\t<div class=\"elementor-widget-container\">\n\t\t\t\t\t<h2 class=\"elementor-heading-title elementor-size-default\">GERARD L\u00d3PEZ\n<\/h2>\t\t\t\t<\/div>\n\t\t\t\t<\/div>\n\t\t\t\t<\/div>\n\t\t<div class=\"elementor-element elementor-element-0df0758 e-con-full e-flex e-con e-child\" data-id=\"0df0758\" data-element_type=\"container\" data-e-type=\"container\">\n\t\t\t\t<div class=\"elementor-element elementor-element-e662d8a elementor-widget elementor-widget-image\" data-id=\"e662d8a\" data-element_type=\"widget\" data-e-type=\"widget\" data-widget_type=\"image.default\">\n\t\t\t\t<div class=\"elementor-widget-container\">\n\t\t\t\t\t\t\t\t\t\t\t\t\t\t\t<img loading=\"lazy\" decoding=\"async\" width=\"800\" height=\"534\" src=\"https:\/\/golfcourse.pulagolf.com\/wp-content\/uploads\/2025\/07\/Rafael-Nadal-1024x683.webp\" class=\"attachment-large size-large wp-image-542\" alt=\"\" srcset=\"https:\/\/golfcourse.pulagolf.com\/wp-content\/uploads\/2025\/07\/Rafael-Nadal-1024x683.webp 1024w, https:\/\/golfcourse.pulagolf.com\/wp-content\/uploads\/2025\/07\/Rafael-Nadal-300x200.webp 300w, https:\/\/golfcourse.pulagolf.com\/wp-content\/uploads\/2025\/07\/Rafael-Nadal-768x512.webp 768w, https:\/\/golfcourse.pulagolf.com\/wp-content\/uploads\/2025\/07\/Rafael-Nadal-1536x1025.webp 1536w, https:\/\/golfcourse.pulagolf.com\/wp-content\/uploads\/2025\/07\/Rafael-Nadal.webp 2048w\" sizes=\"(max-width: 800px) 100vw, 800px\" \/>\t\t\t\t\t\t\t\t\t\t\t\t\t\t\t<\/div>\n\t\t\t\t<\/div>\n\t\t\t\t<div class=\"elementor-element elementor-element-eb66f97 elementor-widget elementor-widget-heading\" data-id=\"eb66f97\" data-element_type=\"widget\" data-e-type=\"widget\" data-widget_type=\"heading.default\">\n\t\t\t\t<div class=\"elementor-widget-container\">\n\t\t\t\t\t<h2 class=\"elementor-heading-title elementor-size-default\">RAFAEL NADAL<\/h2>\t\t\t\t<\/div>\n\t\t\t\t<\/div>\n\t\t\t\t<\/div>\n\t\t<div class=\"elementor-element elementor-element-548cf61 e-con-full e-flex e-con e-child\" data-id=\"548cf61\" data-element_type=\"container\" data-e-type=\"container\">\n\t\t\t\t<div class=\"elementor-element elementor-element-f808d68 elementor-widget elementor-widget-image\" data-id=\"f808d68\" data-element_type=\"widget\" data-e-type=\"widget\" data-widget_type=\"image.default\">\n\t\t\t\t<div class=\"elementor-widget-container\">\n\t\t\t\t\t\t\t\t\t\t\t\t\t\t\t<img loading=\"lazy\" decoding=\"async\" width=\"800\" height=\"534\" src=\"https:\/\/golfcourse.pulagolf.com\/wp-content\/uploads\/2025\/02\/thumbnail-1024x683.webp\" class=\"attachment-large size-large wp-image-440\" alt=\"\" srcset=\"https:\/\/golfcourse.pulagolf.com\/wp-content\/uploads\/2025\/02\/thumbnail-1024x683.webp 1024w, https:\/\/golfcourse.pulagolf.com\/wp-content\/uploads\/2025\/02\/thumbnail-300x200.webp 300w, https:\/\/golfcourse.pulagolf.com\/wp-content\/uploads\/2025\/02\/thumbnail-768x512.webp 768w, https:\/\/golfcourse.pulagolf.com\/wp-content\/uploads\/2025\/02\/thumbnail.webp 1218w\" sizes=\"(max-width: 800px) 100vw, 800px\" \/>\t\t\t\t\t\t\t\t\t\t\t\t\t\t\t<\/div>\n\t\t\t\t<\/div>\n\t\t\t\t<div class=\"elementor-element elementor-element-989a6c1 elementor-widget elementor-widget-heading\" data-id=\"989a6c1\" data-element_type=\"widget\" data-e-type=\"widget\" data-widget_type=\"heading.default\">\n\t\t\t\t<div class=\"elementor-widget-container\">\n\t\t\t\t\t<h2 class=\"elementor-heading-title elementor-size-default\">JOHN ARNE RIISE\n<\/h2>\t\t\t\t<\/div>\n\t\t\t\t<\/div>\n\t\t\t\t<\/div>\n\t\t<div class=\"elementor-element elementor-element-0a00747 e-con-full e-flex e-con e-child\" data-id=\"0a00747\" data-element_type=\"container\" data-e-type=\"container\">\n\t\t\t\t<div class=\"elementor-element elementor-element-c790356 elementor-widget elementor-widget-image\" data-id=\"c790356\" data-element_type=\"widget\" data-e-type=\"widget\" data-widget_type=\"image.default\">\n\t\t\t\t<div class=\"elementor-widget-container\">\n\t\t\t\t\t\t\t\t\t\t\t\t\t\t\t<img loading=\"lazy\" decoding=\"async\" width=\"800\" height=\"534\" src=\"https:\/\/golfcourse.pulagolf.com\/wp-content\/uploads\/2025\/07\/Luis-Milla-1024x683.webp\" class=\"attachment-large size-large wp-image-543\" alt=\"\" srcset=\"https:\/\/golfcourse.pulagolf.com\/wp-content\/uploads\/2025\/07\/Luis-Milla-1024x683.webp 1024w, https:\/\/golfcourse.pulagolf.com\/wp-content\/uploads\/2025\/07\/Luis-Milla-300x200.webp 300w, https:\/\/golfcourse.pulagolf.com\/wp-content\/uploads\/2025\/07\/Luis-Milla-768x512.webp 768w, https:\/\/golfcourse.pulagolf.com\/wp-content\/uploads\/2025\/07\/Luis-Milla-1536x1025.webp 1536w, https:\/\/golfcourse.pulagolf.com\/wp-content\/uploads\/2025\/07\/Luis-Milla.webp 2048w\" sizes=\"(max-width: 800px) 100vw, 800px\" \/>\t\t\t\t\t\t\t\t\t\t\t\t\t\t\t<\/div>\n\t\t\t\t<\/div>\n\t\t\t\t<div class=\"elementor-element elementor-element-8b988e8 elementor-widget elementor-widget-heading\" data-id=\"8b988e8\" data-element_type=\"widget\" data-e-type=\"widget\" data-widget_type=\"heading.default\">\n\t\t\t\t<div class=\"elementor-widget-container\">\n\t\t\t\t\t<h2 class=\"elementor-heading-title elementor-size-default\">Luis Milla<\/h2>\t\t\t\t<\/div>\n\t\t\t\t<\/div>\n\t\t\t\t<\/div>\n\t\t<div class=\"elementor-element elementor-element-b2dbcf2 e-con-full e-flex e-con e-child\" data-id=\"b2dbcf2\" data-element_type=\"container\" data-e-type=\"container\">\n\t\t\t\t<div class=\"elementor-element elementor-element-c898a26 elementor-widget elementor-widget-image\" data-id=\"c898a26\" data-element_type=\"widget\" data-e-type=\"widget\" data-widget_type=\"image.default\">\n\t\t\t\t<div class=\"elementor-widget-container\">\n\t\t\t\t\t\t\t\t\t\t\t\t\t\t\t<img loading=\"lazy\" decoding=\"async\" width=\"800\" height=\"534\" src=\"https:\/\/golfcourse.pulagolf.com\/wp-content\/uploads\/2025\/07\/Abdon-Prats-1024x683.jpg\" class=\"attachment-large size-large wp-image-544\" alt=\"\" srcset=\"https:\/\/golfcourse.pulagolf.com\/wp-content\/uploads\/2025\/07\/Abdon-Prats-1024x683.jpg 1024w, https:\/\/golfcourse.pulagolf.com\/wp-content\/uploads\/2025\/07\/Abdon-Prats-300x200.jpg 300w, https:\/\/golfcourse.pulagolf.com\/wp-content\/uploads\/2025\/07\/Abdon-Prats-768x512.jpg 768w, https:\/\/golfcourse.pulagolf.com\/wp-content\/uploads\/2025\/07\/Abdon-Prats-1536x1025.jpg 1536w, https:\/\/golfcourse.pulagolf.com\/wp-content\/uploads\/2025\/07\/Abdon-Prats.jpg 2048w\" sizes=\"(max-width: 800px) 100vw, 800px\" \/>\t\t\t\t\t\t\t\t\t\t\t\t\t\t\t<\/div>\n\t\t\t\t<\/div>\n\t\t\t\t<div class=\"elementor-element elementor-element-c8b9356 elementor-widget elementor-widget-heading\" data-id=\"c8b9356\" data-element_type=\"widget\" data-e-type=\"widget\" data-widget_type=\"heading.default\">\n\t\t\t\t<div class=\"elementor-widget-container\">\n\t\t\t\t\t<h2 class=\"elementor-heading-title elementor-size-default\">Abdon Prats<\/h2>\t\t\t\t<\/div>\n\t\t\t\t<\/div>\n\t\t\t\t<\/div>\n\t\t<div class=\"elementor-element elementor-element-8fb3a7a e-con-full e-flex e-con e-child\" data-id=\"8fb3a7a\" data-element_type=\"container\" data-e-type=\"container\">\n\t\t\t\t<div class=\"elementor-element elementor-element-efd02e7 elementor-widget elementor-widget-image\" data-id=\"efd02e7\" data-element_type=\"widget\" data-e-type=\"widget\" data-widget_type=\"image.default\">\n\t\t\t\t<div class=\"elementor-widget-container\">\n\t\t\t\t\t\t\t\t\t\t\t\t\t\t\t<img loading=\"lazy\" decoding=\"async\" width=\"800\" height=\"534\" src=\"https:\/\/golfcourse.pulagolf.com\/wp-content\/uploads\/2025\/07\/Henrik-Larsson-1024x683.webp\" class=\"attachment-large size-large wp-image-545\" alt=\"\" srcset=\"https:\/\/golfcourse.pulagolf.com\/wp-content\/uploads\/2025\/07\/Henrik-Larsson-1024x683.webp 1024w, https:\/\/golfcourse.pulagolf.com\/wp-content\/uploads\/2025\/07\/Henrik-Larsson-300x200.webp 300w, https:\/\/golfcourse.pulagolf.com\/wp-content\/uploads\/2025\/07\/Henrik-Larsson-768x512.webp 768w, https:\/\/golfcourse.pulagolf.com\/wp-content\/uploads\/2025\/07\/Henrik-Larsson-1536x1025.webp 1536w, https:\/\/golfcourse.pulagolf.com\/wp-content\/uploads\/2025\/07\/Henrik-Larsson.webp 2048w\" sizes=\"(max-width: 800px) 100vw, 800px\" \/>\t\t\t\t\t\t\t\t\t\t\t\t\t\t\t<\/div>\n\t\t\t\t<\/div>\n\t\t\t\t<div class=\"elementor-element elementor-element-e9aa254 elementor-widget elementor-widget-heading\" data-id=\"e9aa254\" data-element_type=\"widget\" data-e-type=\"widget\" data-widget_type=\"heading.default\">\n\t\t\t\t<div class=\"elementor-widget-container\">\n\t\t\t\t\t<h2 class=\"elementor-heading-title elementor-size-default\">Henrik Larsson<\/h2>\t\t\t\t<\/div>\n\t\t\t\t<\/div>\n\t\t\t\t<\/div>\n\t\t\t\t<\/div>\n\t\t\t\t\t<\/div>\n\t\t\t\t<\/div>\n\t\t<div class=\"elementor-element elementor-element-dedb3ef e-flex e-con-boxed elementor-invisible e-con e-parent\" data-id=\"dedb3ef\" data-element_type=\"container\" data-e-type=\"container\" data-settings=\"{&quot;animation&quot;:&quot;fadeInUp&quot;}\">\n\t\t\t\t\t<div class=\"e-con-inner\">\n\t\t<div class=\"elementor-element elementor-element-3786ca5 e-con-full e-flex e-con e-child\" data-id=\"3786ca5\" data-element_type=\"container\" data-e-type=\"container\" data-settings=\"{&quot;background_background&quot;:&quot;classic&quot;}\">\n\t\t<div class=\"elementor-element elementor-element-52f4a97 e-con-full blur e-flex e-con e-child\" data-id=\"52f4a97\" data-element_type=\"container\" data-e-type=\"container\">\n\t\t<div class=\"elementor-element elementor-element-5007646 e-con-full e-flex e-con e-child\" data-id=\"5007646\" data-element_type=\"container\" data-e-type=\"container\">\n\t\t\t\t<div class=\"elementor-element elementor-element-3d2da07 elementor-widget elementor-widget-heading\" data-id=\"3d2da07\" data-element_type=\"widget\" data-e-type=\"widget\" data-widget_type=\"heading.default\">\n\t\t\t\t<div class=\"elementor-widget-container\">\n\t\t\t\t\t<h2 class=\"elementor-heading-title elementor-size-default\">Tournaments<\/h2>\t\t\t\t<\/div>\n\t\t\t\t<\/div>\n\t\t\t\t<div class=\"elementor-element elementor-element-3129bcb elementor-widget elementor-widget-text-editor\" data-id=\"3129bcb\" data-element_type=\"widget\" data-e-type=\"widget\" data-widget_type=\"text-editor.default\">\n\t\t\t\t<div class=\"elementor-widget-container\">\n\t\t\t\t\t\t\t\t\t<p>Discover our upcoming tournaments<\/p>\t\t\t\t\t\t\t\t<\/div>\n\t\t\t\t<\/div>\n\t\t\t\t<\/div>\n\t\t<div class=\"elementor-element elementor-element-8093bd1 e-con-full e-flex e-con e-child\" data-id=\"8093bd1\" data-element_type=\"container\" data-e-type=\"container\">\n\t\t\t\t<div class=\"elementor-element elementor-element-b9d2101 elementor-align-right elementor-mobile-align-center elementor-widget elementor-widget-button\" data-id=\"b9d2101\" data-element_type=\"widget\" data-e-type=\"widget\" data-widget_type=\"button.default\">\n\t\t\t\t<div class=\"elementor-widget-container\">\n\t\t\t\t\t\t\t\t\t<div class=\"elementor-button-wrapper\">\n\t\t\t\t\t<a class=\"elementor-button elementor-button-link elementor-size-sm\" href=\"https:\/\/open.teeone.golf\/es\/pula\/disponibilidad?_gl=1*1i0fmbp*_gcl_au*MTg4NTgyNzY3NS4xNzUxNTI1NDAz*_ga*MTU2MjY5NDA5LjE3NTE1MjU0MDE.*_ga_2MXRWCRJVW*czE3NTE1MzgxNjMkbzMkZzAkdDE3NTE1MzgxNjMkajYwJGwwJGgw\" target=\"_blank\">\n\t\t\t\t\t\t<span class=\"elementor-button-content-wrapper\">\n\t\t\t\t\t\t<span class=\"elementor-button-icon\">\n\t\t\t\t<svg xmlns=\"http:\/\/www.w3.org\/2000\/svg\" width=\"24\" height=\"25\" viewbox=\"0 0 24 25\" fill=\"none\"><circle cx=\"12\" cy=\"12.5\" r=\"12\" fill=\"white\"><\/circle><path d=\"M7 11.3999H14.6L11.3 8.0999C10.9 7.6999 10.9 7.0999 11.3 6.6999C11.7 6.2999 12.3 6.2999 12.7 6.6999L17.7 11.6999C18.1 12.0999 18.1 12.6999 17.7 13.0999L12.7 18.0999C12.3 18.4999 11.7 18.4999 11.3 18.0999C10.9 17.6999 10.9 17.0999 11.3 16.6999L14.6 13.3999H7C6.4 13.3999 6 12.9999 6 12.3999C6 11.8999 6.4 11.3999 7 11.3999Z\" fill=\"black\"><\/path><\/svg>\t\t\t<\/span>\n\t\t\t\t\t\t\t\t\t<span class=\"elementor-button-text\">SEE MORE<\/span>\n\t\t\t\t\t<\/span>\n\t\t\t\t\t<\/a>\n\t\t\t\t<\/div>\n\t\t\t\t\t\t\t\t<\/div>\n\t\t\t\t<\/div>\n\t\t\t\t<\/div>\n\t\t\t\t<\/div>\n\t\t\t\t<\/div>\n\t\t\t\t\t<\/div>\n\t\t\t\t<\/div>\n\t\t\t\t<\/div>","protected":false},"excerpt":{"rendered":"<p>Hall of Fame MATEU ALEMANY JAVIER CLEMENTE bernd schuster GERARD L\u00d3PEZ RAFAEL NADAL JOHN ARNE RIISE Luis Milla Abdon Prats Henrik Larsson Torneos Conoce nuestros pr\u00f3ximos torneos VER m\u00c1S<\/p>","protected":false},"author":1,"featured_media":0,"parent":0,"menu_order":0,"comment_status":"closed","ping_status":"closed","template":"","meta":{"footnotes":""},"class_list":["post-285","page","type-page","status-publish","hentry"],"_links":{"self":[{"href":"https:\/\/golfcourse.pulagolf.com\/en\/wp-json\/wp\/v2\/pages\/285","targetHints":{"allow":["GET"]}}],"collection":[{"href":"https:\/\/golfcourse.pulagolf.com\/en\/wp-json\/wp\/v2\/pages"}],"about":[{"href":"https:\/\/golfcourse.pulagolf.com\/en\/wp-json\/wp\/v2\/types\/page"}],"author":[{"embeddable":true,"href":"https:\/\/golfcourse.pulagolf.com\/en\/wp-json\/wp\/v2\/users\/1"}],"replies":[{"embeddable":true,"href":"https:\/\/golfcourse.pulagolf.com\/en\/wp-json\/wp\/v2\/comments?post=285"}],"version-history":[{"count":0,"href":"https:\/\/golfcourse.pulagolf.com\/en\/wp-json\/wp\/v2\/pages\/285\/revisions"}],"wp:attachment":[{"href":"https:\/\/golfcourse.pulagolf.com\/en\/wp-json\/wp\/v2\/media?parent=285"}],"curies":[{"name":"wp","href":"https:\/\/api.w.org\/{rel}","templated":true}]}}